{"id":1867,"date":"2022-10-27T17:48:20","date_gmt":"2022-10-27T16:48:20","guid":{"rendered":"https:\/\/perfectestetica.al\/?page_id=1867"},"modified":"2025-12-06T12:38:13","modified_gmt":"2025-12-06T11:38:13","slug":"botox-floku","status":"publish","type":"page","link":"https:\/\/perfectestetica.al\/en\/services\/trajtim-floku\/botox-floku\/","title":{"rendered":"Botox Floku"},"content":{"rendered":"\t\t<div data-elementor-type=\"wp-page\" data-elementor-id=\"1867\" class=\"elementor elementor-1867\" data-elementor-post-type=\"page\">\n\t\t\t\t\t\t<section class=\"wd-negative-gap elementor-section elementor-top-section elementor-element elementor-element-a56ba2f elementor-section-boxed elementor-section-height-default elementor-section-height-default\" data-id=\"a56ba2f\" data-element_type=\"section\" data-e-type=\"section\">\n\t\t\t\t\t\t<div class=\"elementor-container elementor-column-gap-default\">\n\t\t\t\t\t<div class=\"elementor-column elementor-col-100 elementor-top-column elementor-element elementor-element-7cb661f\" data-id=\"7cb661f\" data-element_type=\"column\" data-e-type=\"column\">\n\t\t\t<div class=\"elementor-widget-wrap elementor-element-populated\">\n\t\t\t\t\t\t<div class=\"elementor-element elementor-element-cf39f28 wd-width-100 elementor-widget elementor-widget-wd_title\" data-id=\"cf39f28\" data-element_type=\"widget\" data-e-type=\"widget\" data-widget_type=\"wd_title.default\">\n\t\t\t\t<div class=\"elementor-widget-container\">\n\t\t\t\t\t\t\t<div class=\"title-wrapper wd-set-mb reset-last-child wd-title-color-primary wd-title-style-bordered wd-title-size-default text-center\">\n\n\t\t\t\n\t\t\t<div class=\"liner-continer\">\n\t\t\t\t<h4 class=\"woodmart-title-container title wd-fontsize-l\">Trajtime<\/h4> \n\t\t\t\t\t\t\t<\/div>\n\n\t\t\t\t\t<\/div>\n\t\t\t\t\t\t<\/div>\n\t\t\t\t<\/div>\n\t\t\t\t\t<\/div>\n\t\t<\/div>\n\t\t\t\t\t<\/div>\n\t\t<\/section>\n\t\t\t\t<section class=\"wd-negative-gap elementor-section elementor-top-section elementor-element elementor-element-4c2adf0 elementor-section-boxed elementor-section-height-default elementor-section-height-default\" data-id=\"4c2adf0\" data-element_type=\"section\" data-e-type=\"section\">\n\t\t\t\t\t\t<div class=\"elementor-container elementor-column-gap-default\">\n\t\t\t\t\t<div class=\"elementor-column elementor-col-50 elementor-top-column elementor-element elementor-element-781a042 wd_sticky_offset_50 wd-elementor-sticky-column elementor-invisible\" data-id=\"781a042\" data-element_type=\"column\" data-e-type=\"column\" data-settings=\"{&quot;animation&quot;:&quot;slideInLeft&quot;}\">\n\t\t\t<div class=\"elementor-widget-wrap elementor-element-populated\">\n\t\t\t\t\t\t<div class=\"elementor-element elementor-element-15ea124 elementor-widget elementor-widget-image\" data-id=\"15ea124\" data-element_type=\"widget\" data-e-type=\"widget\" data-widget_type=\"image.default\">\n\t\t\t\t<div class=\"elementor-widget-container\">\n\t\t\t\t\t\t\t\t\t\t\t\t\t\t\t<img loading=\"lazy\" decoding=\"async\" width=\"1280\" height=\"1280\" src=\"https:\/\/perfectestetica.al\/wp-content\/uploads\/2022\/11\/Botox-Floku.jpeg\" class=\"attachment-full size-full wp-image-2125\" alt=\"\" srcset=\"https:\/\/perfectestetica.al\/wp-content\/uploads\/2022\/11\/Botox-Floku.jpeg 1280w, https:\/\/perfectestetica.al\/wp-content\/uploads\/2022\/11\/Botox-Floku-600x600.jpeg 600w, https:\/\/perfectestetica.al\/wp-content\/uploads\/2022\/11\/Botox-Floku-150x150.jpeg 150w, https:\/\/perfectestetica.al\/wp-content\/uploads\/2022\/11\/Botox-Floku-1200x1200.jpeg 1200w, https:\/\/perfectestetica.al\/wp-content\/uploads\/2022\/11\/Botox-Floku-300x300.jpeg 300w, https:\/\/perfectestetica.al\/wp-content\/uploads\/2022\/11\/Botox-Floku-1024x1024.jpeg 1024w, https:\/\/perfectestetica.al\/wp-content\/uploads\/2022\/11\/Botox-Floku-768x768.jpeg 768w\" sizes=\"auto, (max-width: 1280px) 100vw, 1280px\" \/>\t\t\t\t\t\t\t\t\t\t\t\t\t\t\t<\/div>\n\t\t\t\t<\/div>\n\t\t\t\t\t<\/div>\n\t\t<\/div>\n\t\t\t\t<div class=\"elementor-column elementor-col-50 elementor-top-column elementor-element elementor-element-63f0241 elementor-invisible\" data-id=\"63f0241\" data-element_type=\"column\" data-e-type=\"column\" data-settings=\"{&quot;animation&quot;:&quot;slideInRight&quot;}\">\n\t\t\t<div class=\"elementor-widget-wrap elementor-element-populated\">\n\t\t\t\t\t\t<div class=\"elementor-element elementor-element-28b10cb wd-width-100 elementor-widget elementor-widget-wd_title\" data-id=\"28b10cb\" data-element_type=\"widget\" data-e-type=\"widget\" data-widget_type=\"wd_title.default\">\n\t\t\t\t<div class=\"elementor-widget-container\">\n\t\t\t\t\t\t\t<div class=\"title-wrapper wd-set-mb reset-last-child wd-title-color-primary wd-title-style-shadow wd-title-size-large text-left\">\n\n\t\t\t\t\t\t\t\t\t\t\t<div class=\"title-subtitle subtitle-color-primary subtitle-style-background wd-fontsize-xs\">\n\t\t\t\t\t25 \u20ac\t\t\t\t<\/div>\n\t\t\t\n\t\t\t<div class=\"liner-continer\">\n\t\t\t\t<h4 class=\"woodmart-title-container title wd-fontsize-xxl wd-underline-colored\">Botox Floku<\/h4> \n\t\t\t\t\t\t\t<\/div>\n\n\t\t\t\t\t\t\t<div class=\"title-after_title reset-last-child wd-fontsize-s\">\n\t\t\t\t\t<p>D\u00ebmtimet e flok\u00ebve tashm\u00eb kan\u00eb nj\u00eb zgjidhje me ne p\u00ebrmes botoxit t\u00eb flok\u00ebve. Perfect Estetica synon t\u00eb riparoj\u00eb flokun e d\u00ebmtuar duke e ndihmuar n\u00eb rritje, but\u00ebsi dhe shk\u00eblqim.<\/p><p>Kontibuti i keratin\u00ebs do t'i jap\u00eb nj\u00eb shtys\u00eb flok\u00ebve t\u00eb d\u00ebmtuara dhe t\u00eb that\u00eb p\u00ebr tu b\u00ebr\u00eb m\u00eb t\u00eb sh\u00ebndetsh\u00ebm.\u00a0<\/p><p>Efektin rinovues t\u00eb flok\u00ebve tuaj tashm\u00eb mund ta gjeni n\u00eb<\/p><p><strong>Perfect Estetica!<\/strong><\/p>\t\t\t\t<\/div>\n\t\t\t\t\t<\/div>\n\t\t\t\t\t\t<\/div>\n\t\t\t\t<\/div>\n\t\t\t\t<div class=\"elementor-element elementor-element-0067af6 elementor-widget elementor-widget-heading\" data-id=\"0067af6\" data-element_type=\"widget\" data-e-type=\"widget\" data-widget_type=\"heading.default\">\n\t\t\t\t<div class=\"elementor-widget-container\">\n\t\t\t\t\t<h2 class=\"elementor-heading-title elementor-size-default\">Rezervo<\/h2>\t\t\t\t<\/div>\n\t\t\t\t<\/div>\n\t\t\t\t<div class=\"elementor-element elementor-element-f17b0b2 elementor-button-align-stretch elementor-widget elementor-widget-form\" data-id=\"f17b0b2\" data-element_type=\"widget\" data-e-type=\"widget\" data-settings=\"{&quot;step_next_label&quot;:&quot;Next&quot;,&quot;step_previous_label&quot;:&quot;Previous&quot;,&quot;button_width&quot;:&quot;100&quot;,&quot;step_type&quot;:&quot;number_text&quot;,&quot;step_icon_shape&quot;:&quot;circle&quot;}\" data-widget_type=\"form.default\">\n\t\t\t\t<div class=\"elementor-widget-container\">\n\t\t\t\t\t\t\t<form class=\"elementor-form\" method=\"post\" name=\"New Form\" aria-label=\"New Form\">\n\t\t\t<input type=\"hidden\" name=\"post_id\" value=\"1867\"\/>\n\t\t\t<input type=\"hidden\" name=\"form_id\" value=\"f17b0b2\"\/>\n\t\t\t<input type=\"hidden\" name=\"referer_title\" value=\"Botox FlokuPerfect Estetica\" \/>\n\n\t\t\t\t\t\t\t<input type=\"hidden\" name=\"queried_id\" value=\"1867\"\/>\n\t\t\t\n\t\t\t<div class=\"elementor-form-fields-wrapper elementor-labels-above\">\n\t\t\t\t\t\t\t\t<div class=\"elementor-field-type-text elementor-field-group elementor-column elementor-field-group-name elementor-col-33\">\n\t\t\t\t\t\t\t\t\t\t\t\t<label for=\"form-field-name\" class=\"elementor-field-label\">\n\t\t\t\t\t\t\t\tName\t\t\t\t\t\t\t<\/label>\n\t\t\t\t\t\t\t\t\t\t\t\t\t\t<input size=\"1\" type=\"text\" name=\"form_fields[name]\" id=\"form-field-name\" class=\"elementor-field elementor-size-sm  elementor-field-textual\" placeholder=\"Name\">\n\t\t\t\t\t\t\t\t\t\t\t<\/div>\n\t\t\t\t\t\t\t\t<div class=\"elementor-field-type-tel elementor-field-group elementor-column elementor-field-group-field_e636b3d elementor-col-33\">\n\t\t\t\t\t\t\t\t\t\t\t\t<label for=\"form-field-field_e636b3d\" class=\"elementor-field-label\">\n\t\t\t\t\t\t\t\tTel\t\t\t\t\t\t\t<\/label>\n\t\t\t\t\t\t\t\t<input size=\"1\" type=\"tel\" name=\"form_fields[field_e636b3d]\" id=\"form-field-field_e636b3d\" class=\"elementor-field elementor-size-sm  elementor-field-textual\" placeholder=\"Tel\" pattern=\"[0-9()#&amp;+*-=.]+\" title=\"Only numbers and phone characters (#, -, *, etc) are accepted.\">\n\n\t\t\t\t\t\t<\/div>\n\t\t\t\t\t\t\t\t<div class=\"elementor-field-type-date elementor-field-group elementor-column elementor-field-group-field_c6f2333 elementor-col-33\">\n\t\t\t\t\t\t\t\t\t\t\t\t<label for=\"form-field-field_c6f2333\" class=\"elementor-field-label\">\n\t\t\t\t\t\t\t\tData\t\t\t\t\t\t\t<\/label>\n\t\t\t\t\t\t\n\t\t<input type=\"date\" name=\"form_fields[field_c6f2333]\" id=\"form-field-field_c6f2333\" class=\"elementor-field elementor-size-sm  elementor-field-textual elementor-date-field\" placeholder=\"Data\" pattern=\"[0-9]{4}-[0-9]{2}-[0-9]{2}\">\n\t\t\t\t\t\t<\/div>\n\t\t\t\t\t\t\t\t<div class=\"elementor-field-group elementor-column elementor-field-type-submit elementor-col-100 e-form__buttons\">\n\t\t\t\t\t<button class=\"elementor-button elementor-size-sm\" type=\"submit\">\n\t\t\t\t\t\t<span class=\"elementor-button-content-wrapper\">\n\t\t\t\t\t\t\t\t\t\t\t\t\t\t\t\t\t\t\t\t\t\t<span class=\"elementor-button-text\">Send<\/span>\n\t\t\t\t\t\t\t\t\t\t\t\t\t<\/span>\n\t\t\t\t\t<\/button>\n\t\t\t\t<\/div>\n\t\t\t<\/div>\n\t\t<\/form>\n\t\t\t\t\t\t<\/div>\n\t\t\t\t<\/div>\n\t\t\t\t\t<\/div>\n\t\t<\/div>\n\t\t\t\t\t<\/div>\n\t\t<\/section>\n\t\t\t\t<\/div>\n\t\t","protected":false},"excerpt":{"rendered":"<p>Trajtime 25 \u20ac Botox Floku D\u00ebmtimet e flok\u00ebve tashm\u00eb kan\u00eb nj\u00eb zgjidhje me ne p\u00ebrmes botoxit t\u00eb flok\u00ebve. Perfect Estetica<\/p>","protected":false},"author":1,"featured_media":0,"parent":1447,"menu_order":0,"comment_status":"closed","ping_status":"closed","template":"","meta":{"footnotes":""},"class_list":["post-1867","page","type-page","status-publish","hentry"],"_links":{"self":[{"href":"https:\/\/perfectestetica.al\/en\/wp-json\/wp\/v2\/pages\/1867","targetHints":{"allow":["GET"]}}],"collection":[{"href":"https:\/\/perfectestetica.al\/en\/wp-json\/wp\/v2\/pages"}],"about":[{"href":"https:\/\/perfectestetica.al\/en\/wp-json\/wp\/v2\/types\/page"}],"author":[{"embeddable":true,"href":"https:\/\/perfectestetica.al\/en\/wp-json\/wp\/v2\/users\/1"}],"replies":[{"embeddable":true,"href":"https:\/\/perfectestetica.al\/en\/wp-json\/wp\/v2\/comments?post=1867"}],"version-history":[{"count":31,"href":"https:\/\/perfectestetica.al\/en\/wp-json\/wp\/v2\/pages\/1867\/revisions"}],"predecessor-version":[{"id":3758,"href":"https:\/\/perfectestetica.al\/en\/wp-json\/wp\/v2\/pages\/1867\/revisions\/3758"}],"up":[{"embeddable":true,"href":"https:\/\/perfectestetica.al\/en\/wp-json\/wp\/v2\/pages\/1447"}],"wp:attachment":[{"href":"https:\/\/perfectestetica.al\/en\/wp-json\/wp\/v2\/media?parent=1867"}],"curies":[{"name":"wp","href":"https:\/\/api.w.org\/{rel}","templated":true}]}}