{"id":1453,"date":"2022-08-16T18:54:18","date_gmt":"2022-08-16T18:54:18","guid":{"rendered":"https:\/\/perfectestetica.al\/?page_id=1453"},"modified":"2022-10-27T15:49:45","modified_gmt":"2022-10-27T14:49:45","slug":"about","status":"publish","type":"page","link":"https:\/\/perfectestetica.al\/en\/about\/","title":{"rendered":"About"},"content":{"rendered":"<div data-elementor-type=\"wp-page\" data-elementor-id=\"1453\" class=\"elementor elementor-1453\" data-elementor-post-type=\"page\">\n\t\t\t\t\t\t<section class=\"wd-negative-gap elementor-section elementor-top-section elementor-element elementor-element-8d84c83 elementor-section-boxed elementor-section-height-default elementor-section-height-default\" data-id=\"8d84c83\" data-element_type=\"section\" data-e-type=\"section\">\n\t\t\t\t\t\t<div class=\"elementor-container elementor-column-gap-default\">\n\t\t\t\t\t<div class=\"elementor-column elementor-col-50 elementor-top-column elementor-element elementor-element-5123682 elementor-invisible\" data-id=\"5123682\" data-element_type=\"column\" data-e-type=\"column\" data-settings=\"{&quot;background_background&quot;:&quot;classic&quot;,&quot;animation&quot;:&quot;bounceInLeft&quot;}\">\n\t\t\t<div class=\"elementor-widget-wrap elementor-element-populated\">\n\t\t\t\t\t\t<div class=\"elementor-element elementor-element-5d61248 elementor-widget elementor-widget-image\" data-id=\"5d61248\" data-element_type=\"widget\" data-e-type=\"widget\" data-widget_type=\"image.default\">\n\t\t\t\t<div class=\"elementor-widget-container\">\n\t\t\t\t\t\t\t\t\t\t\t\t\t\t\t<img loading=\"lazy\" decoding=\"async\" width=\"580\" height=\"500\" src=\"https:\/\/perfectestetica.al\/wp-content\/uploads\/2022\/08\/about.jpg\" class=\"attachment-full size-full wp-image-1458\" alt=\"\" srcset=\"https:\/\/perfectestetica.al\/wp-content\/uploads\/2022\/08\/about.jpg 580w, https:\/\/perfectestetica.al\/wp-content\/uploads\/2022\/08\/about-150x129.jpg 150w, https:\/\/perfectestetica.al\/wp-content\/uploads\/2022\/08\/about-300x259.jpg 300w\" sizes=\"auto, (max-width: 580px) 100vw, 580px\" \/>\t\t\t\t\t\t\t\t\t\t\t\t\t\t\t<\/div>\n\t\t\t\t<\/div>\n\t\t\t\t\t<\/div>\n\t\t<\/div>\n\t\t\t\t<div class=\"elementor-column elementor-col-50 elementor-top-column elementor-element elementor-element-5e67ba9 elementor-invisible\" data-id=\"5e67ba9\" data-element_type=\"column\" data-e-type=\"column\" data-settings=\"{&quot;animation&quot;:&quot;slideInRight&quot;}\">\n\t\t\t<div class=\"elementor-widget-wrap elementor-element-populated\">\n\t\t\t\t\t\t<div class=\"elementor-element elementor-element-c9c1efb wd-width-100 elementor-widget elementor-widget-wd_title\" data-id=\"c9c1efb\" data-element_type=\"widget\" data-e-type=\"widget\" data-widget_type=\"wd_title.default\">\n\t\t\t\t<div class=\"elementor-widget-container\">\n\t\t\t\t\t\t\t<div class=\"title-wrapper wd-set-mb reset-last-child wd-title-color-default wd-title-style-default wd-title-size-default text-left\">\n\n\t\t\t\n\t\t\t<div class=\"liner-continer\">\n\t\t\t\t<h4 class=\"woodmart-title-container title wd-fontsize-l\">Perfect Estetica<\/h4> \n\t\t\t\t\t\t\t<\/div>\n\n\t\t\t\t\t\t\t<div class=\"title-after_title reset-last-child wd-fontsize-xs\">\n\t\t\t\t\t<p>Lindi si iniciativ\u00eb e nj\u00eb gruaje p\u00ebr grat\u00eb p\u00ebr t\u2019i ofruar atyre sh\u00ebrbimet cil\u00ebsore t\u00eb trajtimit t\u00eb fytyr\u00ebs dhe trupit p\u00ebrmes teknologjis\u00eb s\u00eb fundit.<br \/>Me nj\u00eb p\u00ebrvoj\u00eb t\u00eb gjat\u00eb n\u00eb fush\u00ebn e bukuris\u00eb dhe estetik\u00ebs, ekipi yn\u00eb p\u00ebrkushtohet maksimalisht n\u00eb evidentimin dhe realizimin e nevojave tuaja fillimisht p\u00ebr tu ndjer\u00eb mir\u00eb me veten m\u00eb pas n\u00eb raport me t\u00eb tjer\u00ebt.<\/p><p><br \/>Q\u00ebllimi i skuadr\u00ebs ton\u00eb \u00ebsht\u00eb i p\u00ebrbashk\u00ebt: t\u00eb krijojm\u00eb tek ju besimin e munguar dhe shpres\u00ebn p\u00ebr ta udh\u00ebhequr veten drejt qet\u00ebsis\u00eb dhe relaksit.<\/p><p><br \/>N\u00eb Perfect Estetics kurr\u00ebsesi nuk b\u00ebhet kompromis me aspektet e higjen\u00ebs dhe past\u00ebrtis\u00eb, ato jan\u00eb t\u00eb garantuara dhe kontrolluara nga organet kopetente.<br \/>Vazhdimisht jemi n\u00eb k\u00ebrkim t\u00eb p\u00ebrsosm\u00ebris\u00eb s\u00eb aparaturave ndaj dhe sot fal\u00eb k\u00ebsaj vendosshm\u00ebrie jemi nj\u00eb nga qendrat estetike me teknologjin\u00eb m\u00eb t\u00eb zhvilluar n\u00eb Tiran\u00eb.<\/p>\t\t\t\t<\/div>\n\t\t\t\t\t<\/div>\n\t\t\t\t\t\t<\/div>\n\t\t\t\t<\/div>\n\t\t\t\t\t<\/div>\n\t\t<\/div>\n\t\t\t\t\t<\/div>\n\t\t<\/section>\n\t\t\t\t<\/div>","protected":false},"excerpt":{"rendered":"<p>Perfect Estetica Lindi si iniciativ\u00eb e nj\u00eb gruaje p\u00ebr grat\u00eb p\u00ebr t\u2019i ofruar atyre sh\u00ebrbimet cil\u00ebsore t\u00eb trajtimit t\u00eb fytyr\u00ebs<\/p>","protected":false},"author":1,"featured_media":0,"parent":0,"menu_order":0,"comment_status":"closed","ping_status":"closed","template":"","meta":{"footnotes":""},"class_list":["post-1453","page","type-page","status-publish","hentry"],"_links":{"self":[{"href":"https:\/\/perfectestetica.al\/en\/wp-json\/wp\/v2\/pages\/1453","targetHints":{"allow":["GET"]}}],"collection":[{"href":"https:\/\/perfectestetica.al\/en\/wp-json\/wp\/v2\/pages"}],"about":[{"href":"https:\/\/perfectestetica.al\/en\/wp-json\/wp\/v2\/types\/page"}],"author":[{"embeddable":true,"href":"https:\/\/perfectestetica.al\/en\/wp-json\/wp\/v2\/users\/1"}],"replies":[{"embeddable":true,"href":"https:\/\/perfectestetica.al\/en\/wp-json\/wp\/v2\/comments?post=1453"}],"version-history":[{"count":38,"href":"https:\/\/perfectestetica.al\/en\/wp-json\/wp\/v2\/pages\/1453\/revisions"}],"predecessor-version":[{"id":1841,"href":"https:\/\/perfectestetica.al\/en\/wp-json\/wp\/v2\/pages\/1453\/revisions\/1841"}],"wp:attachment":[{"href":"https:\/\/perfectestetica.al\/en\/wp-json\/wp\/v2\/media?parent=1453"}],"curies":[{"name":"wp","href":"https:\/\/api.w.org\/{rel}","templated":true}]}}